{"id":65,"date":"2016-03-18T02:37:43","date_gmt":"2016-03-18T00:37:43","guid":{"rendered":"http:\/\/dlldownloader.pro\/blog\/?page_id=65"},"modified":"2016-03-18T02:37:43","modified_gmt":"2016-03-18T00:37:43","slug":"hakkimizda","status":"publish","type":"page","link":"https:\/\/www.dlldownloader.com\/blog\/tr\/hakkimizda\/","title":{"rendered":"DllDownloader.com Hakk\u0131nda"},"content":{"rendered":"<p><a href=\"http:\/\/www.dlldownloader.com\/tr\/\" target=\"_blank\">DLLDOWNLOADER.COM<\/a>, Mart 2013 tarihinde yay\u0131n hayat\u0131na ba\u015flam\u0131\u015f olan <a href=\"http:\/\/dll-downloader.net\" target=\"_blank\">DLL-DOWNLOADER.NET<\/a>&#8216;in yeni markas\u0131d\u0131r. DLL-DOWNLOADER.NET&#8217;in ak\u0131lda kalma ve yaz\u0131m zorlu\u011fu gibi isimsel dezavantajlar\u0131 g\u00f6z \u00f6n\u00fcnde bulundurularak DLLDOWNLOADER.COM markas\u0131 ve alan ad\u0131 ile yay\u0131n hayat\u0131na devam edilme karar\u0131 al\u0131nm\u0131\u015ft\u0131r.<\/p>\n<p>Yenilenme s\u00fcreci sadece marka ve alan ad\u0131 ile s\u0131n\u0131rl\u0131 kalmam\u0131\u015f, <strong>yaz\u0131l\u0131m altyap\u0131s\u0131<\/strong>, <strong>dll veritaban\u0131<\/strong> ve <strong>kullan\u0131c\u0131 aray\u00fcz\u00fc<\/strong> de geli\u015ftirilmi\u015ftir.<\/p>\n<p>Yeni veritaban\u0131m\u0131zda dll dosyalar\u0131 i\u00e7in birden fazla indirme sunucusu haz\u0131rlanm\u0131\u015f ve sorunlu indirme ba\u011flant\u0131lar\u0131n\u0131n \u00f6n\u00fcne ge\u00e7ilmi\u015ftir. Buradaki ama\u00e7; sundu\u011fumuz dll dosyalar\u0131n\u0131n tamam\u0131n\u0131n indirilebilir durumda olmas\u0131n\u0131 sa\u011flamakt\u0131r. Yeni veritaban\u0131m\u0131zda sadece indirme ba\u011flant\u0131lar\u0131 de\u011fil, <strong>dll dosyalar\u0131na ihtiya\u00e7 duyan programlar<\/strong>, <strong>birlikte kullan\u0131ld\u0131\u011f\u0131 di\u011fer dll dosyalar\u0131<\/strong> ve <strong>ya\u015fanan dll hatalar\u0131n\u0131n \u00e7\u00f6z\u00fcm\u00fcne y\u00f6nelik birden fazla \u00e7\u00f6z\u00fcm y\u00f6ntemi<\/strong> de resimli bir \u015fekilde sizlerin hizmetine sunulmu\u015ftur.<\/p>\n<p>DLLDOWNLOADER.COM&#8217;un yeni s\u00fcr\u00fcm\u00fc ile birlikte sizlere daha iyi hizmet sa\u011flamay\u0131 ama\u00e7l\u0131yoruz. Umar\u0131z bu amac\u0131m\u0131z\u0131 ger\u00e7ekle\u015ftirebiliriz.<\/p>\n","protected":false},"excerpt":{"rendered":"<p>DLLDOWNLOADER.COM, Mart 2013 tarihinde yay\u0131n hayat\u0131na ba\u015flam\u0131\u015f olan DLL-DOWNLOADER.NET&#8216;in yeni markas\u0131d\u0131r. DLL-DOWNLOADER.NET&#8217;in ak\u0131lda kalma ve yaz\u0131m zorlu\u011fu gibi isimsel dezavantajlar\u0131 g\u00f6z \u00f6n\u00fcnde bulundurularak DLLDOWNLOADER.COM markas\u0131 ve alan ad\u0131 ile yay\u0131n hayat\u0131na devam edilme karar\u0131 al\u0131nm\u0131\u015ft\u0131r. Yenilenme s\u00fcreci sadece marka ve alan ad\u0131 ile s\u0131n\u0131rl\u0131 kalmam\u0131\u015f, yaz\u0131l\u0131m altyap\u0131s\u0131, dll veritaban\u0131 ve kullan\u0131c\u0131 aray\u00fcz\u00fc de geli\u015ftirilmi\u015ftir. Yeni &hellip; <a href=\"https:\/\/www.dlldownloader.com\/blog\/tr\/hakkimizda\/\" class=\"more-link\">Continue reading<span class=\"screen-reader-text\"> &#8220;DllDownloader.com Hakk\u0131nda&#8221;<\/span><\/a><\/p>\n","protected":false},"author":1,"featured_media":0,"parent":0,"menu_order":0,"comment_status":"closed","ping_status":"closed","template":"","meta":[],"_links":{"self":[{"href":"https:\/\/www.dlldownloader.com\/blog\/wp-json\/wp\/v2\/pages\/65"}],"collection":[{"href":"https:\/\/www.dlldownloader.com\/blog\/wp-json\/wp\/v2\/pages"}],"about":[{"href":"https:\/\/www.dlldownloader.com\/blog\/wp-json\/wp\/v2\/types\/page"}],"author":[{"embeddable":true,"href":"https:\/\/www.dlldownloader.com\/blog\/wp-json\/wp\/v2\/users\/1"}],"replies":[{"embeddable":true,"href":"https:\/\/www.dlldownloader.com\/blog\/wp-json\/wp\/v2\/comments?post=65"}],"version-history":[{"count":1,"href":"https:\/\/www.dlldownloader.com\/blog\/wp-json\/wp\/v2\/pages\/65\/revisions"}],"predecessor-version":[{"id":66,"href":"https:\/\/www.dlldownloader.com\/blog\/wp-json\/wp\/v2\/pages\/65\/revisions\/66"}],"wp:attachment":[{"href":"https:\/\/www.dlldownloader.com\/blog\/wp-json\/wp\/v2\/media?parent=65"}],"curies":[{"name":"wp","href":"https:\/\/api.w.org\/{rel}","templated":true}]}}