{"id":62,"date":"2016-03-18T02:17:33","date_gmt":"2016-03-18T00:17:33","guid":{"rendered":"http:\/\/dlldownloader.pro\/blog\/?page_id=62"},"modified":"2016-03-18T02:17:33","modified_gmt":"2016-03-18T00:17:33","slug":"kullanim-sartlari","status":"publish","type":"page","link":"https:\/\/www.dlldownloader.com\/blog\/tr\/kullanim-sartlari\/","title":{"rendered":"DllDownloader.com Kullan\u0131m \u015eartlar\u0131"},"content":{"rendered":"<p>Bu sayfada <a href=\"http:\/\/www.dlldownloader.com\/tr\/\" target=\"_blank\">DLLDOWNLOADER.COM<\/a> sitesinin <strong>kullan\u0131m \u015fartlar\u0131<\/strong> bulunmaktad\u0131r. Ziyaret\u00e7ilerimiz ziyaret ve kullan\u0131m s\u0131ras\u0131nda <span style=\"text-decoration: underline;\">bu \u015fartlar\u0131 kabul etmi\u015f say\u0131l\u0131r<\/span>. L\u00fctfen dikkatli bir \u015fekilde okuyunuz.<\/p>\n<h2>Kullan\u0131m \u015eartlar\u0131m\u0131z<\/h2>\n<ul>\n<li>Sitemizde yer alan kullan\u0131m \u015fartlar\u0131, t\u00fcm ziyaret\u00e7ilerimiz taraf\u0131ndan kabul edilmi\u015f say\u0131l\u0131r.<\/li>\n<li>\u0130ndirilen DLL dosyalar\u0131 vir\u00fcs taramas\u0131ndan ge\u00e7irilmi\u015f olmas\u0131na ra\u011fmen tekrar vir\u00fcs taramas\u0131ndan ge\u00e7irmek ziyaret\u00e7inin sorumlulu\u011fundad\u0131r ve yarar\u0131na olacakt\u0131r.<\/li>\n<li>DLLDOWNLOADER.COM, sitedeki bilgileri istedi\u011fi gibi \u00e7o\u011faltma, da\u011f\u0131tma ve sergileme hakk\u0131n\u0131 sakl\u0131 tutar.<\/li>\n<li>DLLDOWNLOADER.COM, sitenin yay\u0131n\u0131n\u0131 istedi\u011fi zaman durdurma ve sonland\u0131rma hakk\u0131n\u0131 sakl\u0131 tutar. Bu konu dahilinde hi\u00e7bir sorumluluk kabul etmez.<\/li>\n<li>DLLDOWNLOADER.COM, bu s\u00f6zle\u015fmeye ilave maddeler ekleme ve mevcut maddeleri de\u011fi\u015ftirme hakk\u0131n\u0131 sakl\u0131 tutar.<\/li>\n<li>\u00dcyeler veya ziyaret\u00e7iler servisleri kullanmaya devam etmeleri durumunda bu maddeleri kabul etmi\u015f say\u0131l\u0131r.<\/li>\n<li>Kullan\u0131m \u015fartlar\u0131, T\u00fcrkiye Cumhuriyeti yasalar\u0131na uygun olarak haz\u0131rlanm\u0131\u015f bir anla\u015fmad\u0131r. Bu anla\u015fman\u0131n maddelerinden bir veya bir ka\u00e7 tanesi yasad\u0131\u015f\u0131, ge\u00e7ersiz veya ba\u015fka bir sebepten dolay\u0131 yasal a\u00e7\u0131dan uygulanamayacak durumda ise s\u00f6z konusu madde bu anla\u015fmadan \u00e7\u0131kar\u0131l\u0131r ve kalan maddelerin ge\u00e7erlili\u011fi yasal a\u00e7\u0131dan uygulanabilirli\u011fini etkilemez.<\/li>\n<li>\u0130\u015f bu s\u00f6zle\u015fmenin uygulanmas\u0131 esnas\u0131nda olu\u015facak her t\u00fcrl\u00fc uyu\u015fmazl\u0131k durumunun \u00e7\u00f6z\u00fcm\u00fcnde \u0130stanbul Mahkemeleri ve \u0130cra Daireleri yetkilidir.<\/li>\n<\/ul>\n","protected":false},"excerpt":{"rendered":"<p>Bu sayfada DLLDOWNLOADER.COM sitesinin kullan\u0131m \u015fartlar\u0131 bulunmaktad\u0131r. Ziyaret\u00e7ilerimiz ziyaret ve kullan\u0131m s\u0131ras\u0131nda bu \u015fartlar\u0131 kabul etmi\u015f say\u0131l\u0131r. L\u00fctfen dikkatli bir \u015fekilde okuyunuz. Kullan\u0131m \u015eartlar\u0131m\u0131z Sitemizde yer alan kullan\u0131m \u015fartlar\u0131, t\u00fcm ziyaret\u00e7ilerimiz taraf\u0131ndan kabul edilmi\u015f say\u0131l\u0131r. \u0130ndirilen DLL dosyalar\u0131 vir\u00fcs taramas\u0131ndan ge\u00e7irilmi\u015f olmas\u0131na ra\u011fmen tekrar vir\u00fcs taramas\u0131ndan ge\u00e7irmek ziyaret\u00e7inin sorumlulu\u011fundad\u0131r ve yarar\u0131na olacakt\u0131r. DLLDOWNLOADER.COM, sitedeki bilgileri &hellip; <a href=\"https:\/\/www.dlldownloader.com\/blog\/tr\/kullanim-sartlari\/\" class=\"more-link\">Continue reading<span class=\"screen-reader-text\"> &#8220;DllDownloader.com Kullan\u0131m \u015eartlar\u0131&#8221;<\/span><\/a><\/p>\n","protected":false},"author":1,"featured_media":0,"parent":0,"menu_order":0,"comment_status":"closed","ping_status":"closed","template":"","meta":[],"_links":{"self":[{"href":"https:\/\/www.dlldownloader.com\/blog\/wp-json\/wp\/v2\/pages\/62"}],"collection":[{"href":"https:\/\/www.dlldownloader.com\/blog\/wp-json\/wp\/v2\/pages"}],"about":[{"href":"https:\/\/www.dlldownloader.com\/blog\/wp-json\/wp\/v2\/types\/page"}],"author":[{"embeddable":true,"href":"https:\/\/www.dlldownloader.com\/blog\/wp-json\/wp\/v2\/users\/1"}],"replies":[{"embeddable":true,"href":"https:\/\/www.dlldownloader.com\/blog\/wp-json\/wp\/v2\/comments?post=62"}],"version-history":[{"count":1,"href":"https:\/\/www.dlldownloader.com\/blog\/wp-json\/wp\/v2\/pages\/62\/revisions"}],"predecessor-version":[{"id":63,"href":"https:\/\/www.dlldownloader.com\/blog\/wp-json\/wp\/v2\/pages\/62\/revisions\/63"}],"wp:attachment":[{"href":"https:\/\/www.dlldownloader.com\/blog\/wp-json\/wp\/v2\/media?parent=62"}],"curies":[{"name":"wp","href":"https:\/\/api.w.org\/{rel}","templated":true}]}}